{"id":944,"date":"2024-01-19T11:19:55","date_gmt":"2024-01-19T11:19:55","guid":{"rendered":"https:\/\/greenpoint.pl\/blog\/?page_id=944"},"modified":"2026-03-23T18:02:42","modified_gmt":"2026-03-23T17:02:42","slug":"home","status":"publish","type":"page","link":"https:\/\/greenpoint.pl\/blog\/","title":{"rendered":"Home"},"content":{"rendered":"\t\t<div data-elementor-type=\"wp-page\" data-elementor-id=\"944\" class=\"elementor elementor-944\" data-elementor-post-type=\"page\">\n\t\t\t\t<div class=\"elementor-element elementor-element-6ca3f7c e-flex e-con-boxed e-con e-parent\" data-id=\"6ca3f7c\" data-element_type=\"container\" data-settings=\"{&quot;background_background&quot;:&quot;classic&quot;}\">\n\t\t\t\t\t<div class=\"e-con-inner\">\n\t\t\t\t\t<\/div>\n\t\t\t\t<\/div>\n\t\t<div class=\"elementor-element elementor-element-8d3adb4 e-flex e-con-boxed e-con e-parent\" data-id=\"8d3adb4\" data-element_type=\"container\">\n\t\t\t\t\t<div class=\"e-con-inner\">\n\t\t\t\t<div class=\"elementor-element elementor-element-107e7d9 elementor-grid-2 elementor-posts--thumbnail-top elementor-grid-tablet-2 elementor-grid-mobile-1 elementor-widget elementor-widget-posts\" data-id=\"107e7d9\" data-element_type=\"widget\" data-settings=\"{&quot;custom_columns&quot;:&quot;2&quot;,&quot;custom_row_gap&quot;:{&quot;unit&quot;:&quot;px&quot;,&quot;size&quot;:0,&quot;sizes&quot;:[]},&quot;custom_columns_tablet&quot;:&quot;2&quot;,&quot;custom_columns_mobile&quot;:&quot;1&quot;,&quot;custom_row_gap_tablet&quot;:{&quot;unit&quot;:&quot;px&quot;,&quot;size&quot;:&quot;&quot;,&quot;sizes&quot;:[]},&quot;custom_row_gap_mobile&quot;:{&quot;unit&quot;:&quot;px&quot;,&quot;size&quot;:&quot;&quot;,&quot;sizes&quot;:[]}}\" data-widget_type=\"posts.custom\">\n\t\t\t\t<div class=\"elementor-widget-container\">\n\t\t\t\t\t      <div class=\"ecs-posts elementor-posts-container elementor-posts   elementor-grid elementor-posts--skin-custom\" data-settings=\"{&quot;current_page&quot;:1,&quot;max_num_pages&quot;:&quot;5&quot;,&quot;load_method&quot;:&quot;loadmore&quot;,&quot;widget_id&quot;:&quot;107e7d9&quot;,&quot;post_id&quot;:944,&quot;theme_id&quot;:944,&quot;change_url&quot;:false,&quot;reinit_js&quot;:false}\">\n      \t\t<article id=\"post-2425\" class=\"elementor-post elementor-grid-item ecs-post-loop post-2425 post type-post status-publish format-standard hentry category-trendy fadeIn image-hover-transition-effect latest_post\">\n\t\t\t\t<div data-elementor-type=\"loop\" data-elementor-id=\"953\" class=\"elementor elementor-953 post-2425 post type-post status-publish format-standard hentry category-trendy fadeIn latest_post\" data-elementor-post-type=\"elementor_library\">\n\t\t\t<div class=\"elementor-element elementor-element-c6fedee e-flex e-con-boxed e-con e-parent\" data-id=\"c6fedee\" data-element_type=\"container\">\n\t\t\t\t\t<div class=\"e-con-inner\">\n\t\t<style>#post-2425 .elementor-953 .elementor-element.elementor-element-cf00e5f:not(.elementor-motion-effects-element-type-background), #post-2425 .elementor-953 .elementor-element.elementor-element-cf00e5f > .elementor-motion-effects-container > .elementor-motion-effects-layer{background-image: url(\"\");}<\/style><div class=\"elementor-element elementor-element-cf00e5f e-flex e-con-boxed e-con e-child\" data-id=\"cf00e5f\" data-element_type=\"container\" data-settings=\"{&quot;background_background&quot;:&quot;classic&quot;}\">\n\t\t\t\t\t<div class=\"e-con-inner\">\n\t\t\t\t<div class=\"elementor-element elementor-element-0e40fd4 elementor-widget elementor-widget-theme-post-title elementor-page-title elementor-widget-heading\" data-id=\"0e40fd4\" data-element_type=\"widget\" data-widget_type=\"theme-post-title.default\">\n\t\t\t\t<div class=\"elementor-widget-container\">\n\t\t\t\t\t<h2 class=\"elementor-heading-title elementor-size-default\"><a href=\"https:\/\/greenpoint.pl\/blog\/propozycje-stylizacji-na-wesele\/\">Propozycje stylizacji na wesele<\/a><\/h2>\t\t\t\t<\/div>\n\t\t\t\t<\/div>\n\t\t\t\t<div class=\"elementor-element elementor-element-43c5a85 elementor-align-center elementor-hidden-mobile elementor-widget elementor-widget-button\" data-id=\"43c5a85\" data-element_type=\"widget\" data-widget_type=\"button.default\">\n\t\t\t\t<div class=\"elementor-widget-container\">\n\t\t\t\t\t\t\t\t\t<div class=\"elementor-button-wrapper\">\n\t\t\t\t\t<a class=\"elementor-button elementor-button-link elementor-size-sm\" href=\"https:\/\/greenpoint.pl\/blog\/propozycje-stylizacji-na-wesele\/\">\n\t\t\t\t\t\t<span class=\"elementor-button-content-wrapper\">\n\t\t\t\t\t\t\t\t\t<span class=\"elementor-button-text\">Zainspiruj sie<\/span>\n\t\t\t\t\t<\/span>\n\t\t\t\t\t<\/a>\n\t\t\t\t<\/div>\n\t\t\t\t\t\t\t\t<\/div>\n\t\t\t\t<\/div>\n\t\t\t\t\t<\/div>\n\t\t\t\t<\/div>\n\t\t\t\t\t<\/div>\n\t\t\t\t<\/div>\n\t\t\t\t<\/div>\n\t\t\t\t<\/article>\n\t\t\t\t<article id=\"post-2413\" class=\"elementor-post elementor-grid-item ecs-post-loop post-2413 post type-post status-publish format-standard has-post-thumbnail hentry category-trendy fadeIn image-hover-transition-effect latest_post\">\n\t\t\t\t<div data-elementor-type=\"loop\" data-elementor-id=\"953\" class=\"elementor elementor-953 post-2413 post type-post status-publish format-standard has-post-thumbnail hentry category-trendy fadeIn latest_post\" data-elementor-post-type=\"elementor_library\">\n\t\t\t<div class=\"elementor-element elementor-element-c6fedee e-flex e-con-boxed e-con e-parent\" data-id=\"c6fedee\" data-element_type=\"container\">\n\t\t\t\t\t<div class=\"e-con-inner\">\n\t\t<style>#post-2413 .elementor-953 .elementor-element.elementor-element-cf00e5f:not(.elementor-motion-effects-element-type-background), #post-2413 .elementor-953 .elementor-element.elementor-element-cf00e5f > .elementor-motion-effects-container > .elementor-motion-effects-layer{background-image: url(\"https:\/\/greenpoint.pl\/blog\/wp-content\/uploads\/2026\/04\/Styl-boho.-Najmodniejszy-styl-lata-2026.jpg\");}<\/style><div class=\"elementor-element elementor-element-cf00e5f e-flex e-con-boxed e-con e-child\" data-id=\"cf00e5f\" data-element_type=\"container\" data-settings=\"{&quot;background_background&quot;:&quot;classic&quot;}\">\n\t\t\t\t\t<div class=\"e-con-inner\">\n\t\t\t\t<div class=\"elementor-element elementor-element-0e40fd4 elementor-widget elementor-widget-theme-post-title elementor-page-title elementor-widget-heading\" data-id=\"0e40fd4\" data-element_type=\"widget\" data-widget_type=\"theme-post-title.default\">\n\t\t\t\t<div class=\"elementor-widget-container\">\n\t\t\t\t\t<h2 class=\"elementor-heading-title elementor-size-default\"><a href=\"https:\/\/greenpoint.pl\/blog\/styl-boho-najmodniejszy-styl-lata-2026\/\">Styl boho. Najmodniejszy styl lata 2026<\/a><\/h2>\t\t\t\t<\/div>\n\t\t\t\t<\/div>\n\t\t\t\t<div class=\"elementor-element elementor-element-43c5a85 elementor-align-center elementor-hidden-mobile elementor-widget elementor-widget-button\" data-id=\"43c5a85\" data-element_type=\"widget\" data-widget_type=\"button.default\">\n\t\t\t\t<div class=\"elementor-widget-container\">\n\t\t\t\t\t\t\t\t\t<div class=\"elementor-button-wrapper\">\n\t\t\t\t\t<a class=\"elementor-button elementor-button-link elementor-size-sm\" href=\"https:\/\/greenpoint.pl\/blog\/styl-boho-najmodniejszy-styl-lata-2026\/\">\n\t\t\t\t\t\t<span class=\"elementor-button-content-wrapper\">\n\t\t\t\t\t\t\t\t\t<span class=\"elementor-button-text\">Zainspiruj sie<\/span>\n\t\t\t\t\t<\/span>\n\t\t\t\t\t<\/a>\n\t\t\t\t<\/div>\n\t\t\t\t\t\t\t\t<\/div>\n\t\t\t\t<\/div>\n\t\t\t\t\t<\/div>\n\t\t\t\t<\/div>\n\t\t\t\t\t<\/div>\n\t\t\t\t<\/div>\n\t\t\t\t<\/div>\n\t\t\t\t<\/article>\n\t\t\t\t<article id=\"post-2410\" class=\"elementor-post elementor-grid-item ecs-post-loop post-2410 post type-post status-publish format-standard has-post-thumbnail hentry category-trendy fadeIn image-hover-transition-effect latest_post\">\n\t\t\t\t<div data-elementor-type=\"loop\" data-elementor-id=\"953\" class=\"elementor elementor-953 post-2410 post type-post status-publish format-standard has-post-thumbnail hentry category-trendy fadeIn latest_post\" data-elementor-post-type=\"elementor_library\">\n\t\t\t<div class=\"elementor-element elementor-element-c6fedee e-flex e-con-boxed e-con e-parent\" data-id=\"c6fedee\" data-element_type=\"container\">\n\t\t\t\t\t<div class=\"e-con-inner\">\n\t\t<style>#post-2410 .elementor-953 .elementor-element.elementor-element-cf00e5f:not(.elementor-motion-effects-element-type-background), #post-2410 .elementor-953 .elementor-element.elementor-element-cf00e5f > .elementor-motion-effects-container > .elementor-motion-effects-layer{background-image: url(\"https:\/\/greenpoint.pl\/blog\/wp-content\/uploads\/2026\/04\/Dopracuj-swoja-stylizacje.-Najmodniejsze-akcesoria_okladka.jpg\");}<\/style><div class=\"elementor-element elementor-element-cf00e5f e-flex e-con-boxed e-con e-child\" data-id=\"cf00e5f\" data-element_type=\"container\" data-settings=\"{&quot;background_background&quot;:&quot;classic&quot;}\">\n\t\t\t\t\t<div class=\"e-con-inner\">\n\t\t\t\t<div class=\"elementor-element elementor-element-0e40fd4 elementor-widget elementor-widget-theme-post-title elementor-page-title elementor-widget-heading\" data-id=\"0e40fd4\" data-element_type=\"widget\" data-widget_type=\"theme-post-title.default\">\n\t\t\t\t<div class=\"elementor-widget-container\">\n\t\t\t\t\t<h2 class=\"elementor-heading-title elementor-size-default\"><a href=\"https:\/\/greenpoint.pl\/blog\/dopracuj-swoja-stylizacje-najmodniejsze-akcesoria\/\">Dopracuj swoj\u0105 stylizacj\u0119. Najmodniejsze akcesoria<\/a><\/h2>\t\t\t\t<\/div>\n\t\t\t\t<\/div>\n\t\t\t\t<div class=\"elementor-element elementor-element-43c5a85 elementor-align-center elementor-hidden-mobile elementor-widget elementor-widget-button\" data-id=\"43c5a85\" data-element_type=\"widget\" data-widget_type=\"button.default\">\n\t\t\t\t<div class=\"elementor-widget-container\">\n\t\t\t\t\t\t\t\t\t<div class=\"elementor-button-wrapper\">\n\t\t\t\t\t<a class=\"elementor-button elementor-button-link elementor-size-sm\" href=\"https:\/\/greenpoint.pl\/blog\/dopracuj-swoja-stylizacje-najmodniejsze-akcesoria\/\">\n\t\t\t\t\t\t<span class=\"elementor-button-content-wrapper\">\n\t\t\t\t\t\t\t\t\t<span class=\"elementor-button-text\">Zainspiruj sie<\/span>\n\t\t\t\t\t<\/span>\n\t\t\t\t\t<\/a>\n\t\t\t\t<\/div>\n\t\t\t\t\t\t\t\t<\/div>\n\t\t\t\t<\/div>\n\t\t\t\t\t<\/div>\n\t\t\t\t<\/div>\n\t\t\t\t\t<\/div>\n\t\t\t\t<\/div>\n\t\t\t\t<\/div>\n\t\t\t\t<\/article>\n\t\t\t\t<article id=\"post-2394\" class=\"elementor-post elementor-grid-item ecs-post-loop post-2394 post type-post status-publish format-standard has-post-thumbnail hentry category-porady fadeIn image-hover-transition-effect latest_post\">\n\t\t\t\t<div data-elementor-type=\"loop\" data-elementor-id=\"953\" class=\"elementor elementor-953 post-2394 post type-post status-publish format-standard has-post-thumbnail hentry category-porady fadeIn latest_post\" data-elementor-post-type=\"elementor_library\">\n\t\t\t<div class=\"elementor-element elementor-element-c6fedee e-flex e-con-boxed e-con e-parent\" data-id=\"c6fedee\" data-element_type=\"container\">\n\t\t\t\t\t<div class=\"e-con-inner\">\n\t\t<style>#post-2394 .elementor-953 .elementor-element.elementor-element-cf00e5f:not(.elementor-motion-effects-element-type-background), #post-2394 .elementor-953 .elementor-element.elementor-element-cf00e5f > .elementor-motion-effects-container > .elementor-motion-effects-layer{background-image: url(\"https:\/\/greenpoint.pl\/blog\/wp-content\/uploads\/2026\/04\/Denim-na-kazda-okazje.-Jak-stylizowac-jeansy-aby-wygladac-elegancko.jpg\");}<\/style><div class=\"elementor-element elementor-element-cf00e5f e-flex e-con-boxed e-con e-child\" data-id=\"cf00e5f\" data-element_type=\"container\" data-settings=\"{&quot;background_background&quot;:&quot;classic&quot;}\">\n\t\t\t\t\t<div class=\"e-con-inner\">\n\t\t\t\t<div class=\"elementor-element elementor-element-0e40fd4 elementor-widget elementor-widget-theme-post-title elementor-page-title elementor-widget-heading\" data-id=\"0e40fd4\" data-element_type=\"widget\" data-widget_type=\"theme-post-title.default\">\n\t\t\t\t<div class=\"elementor-widget-container\">\n\t\t\t\t\t<h2 class=\"elementor-heading-title elementor-size-default\"><a href=\"https:\/\/greenpoint.pl\/blog\/denim-na-kazda-okazje-jak-stylizowac-jeansy-aby-wygladac-elegancko-2\/\">Denim na ka\u017cd\u0105 okazj\u0119. Jak stylizowa\u0107 jeansy, aby wygl\u0105da\u0107 elegancko?<\/a><\/h2>\t\t\t\t<\/div>\n\t\t\t\t<\/div>\n\t\t\t\t<div class=\"elementor-element elementor-element-43c5a85 elementor-align-center elementor-hidden-mobile elementor-widget elementor-widget-button\" data-id=\"43c5a85\" data-element_type=\"widget\" data-widget_type=\"button.default\">\n\t\t\t\t<div class=\"elementor-widget-container\">\n\t\t\t\t\t\t\t\t\t<div class=\"elementor-button-wrapper\">\n\t\t\t\t\t<a class=\"elementor-button elementor-button-link elementor-size-sm\" href=\"https:\/\/greenpoint.pl\/blog\/denim-na-kazda-okazje-jak-stylizowac-jeansy-aby-wygladac-elegancko-2\/\">\n\t\t\t\t\t\t<span class=\"elementor-button-content-wrapper\">\n\t\t\t\t\t\t\t\t\t<span class=\"elementor-button-text\">Zainspiruj sie<\/span>\n\t\t\t\t\t<\/span>\n\t\t\t\t\t<\/a>\n\t\t\t\t<\/div>\n\t\t\t\t\t\t\t\t<\/div>\n\t\t\t\t<\/div>\n\t\t\t\t\t<\/div>\n\t\t\t\t<\/div>\n\t\t\t\t\t<\/div>\n\t\t\t\t<\/div>\n\t\t\t\t<\/div>\n\t\t\t\t<\/article>\n\t\t\t\t<article id=\"post-2374\" class=\"elementor-post elementor-grid-item ecs-post-loop post-2374 post type-post status-publish format-standard has-post-thumbnail hentry category-trendy fadeIn image-hover-transition-effect latest_post\">\n\t\t\t\t<div data-elementor-type=\"loop\" data-elementor-id=\"953\" class=\"elementor elementor-953 post-2374 post type-post status-publish format-standard has-post-thumbnail hentry category-trendy fadeIn latest_post\" data-elementor-post-type=\"elementor_library\">\n\t\t\t<div class=\"elementor-element elementor-element-c6fedee e-flex e-con-boxed e-con e-parent\" data-id=\"c6fedee\" data-element_type=\"container\">\n\t\t\t\t\t<div class=\"e-con-inner\">\n\t\t<style>#post-2374 .elementor-953 .elementor-element.elementor-element-cf00e5f:not(.elementor-motion-effects-element-type-background), #post-2374 .elementor-953 .elementor-element.elementor-element-cf00e5f > .elementor-motion-effects-container > .elementor-motion-effects-layer{background-image: url(\"https:\/\/greenpoint.pl\/blog\/wp-content\/uploads\/2026\/03\/Nowa-energia-kobieca-moda-na-wiosne_okladka.jpg\");}<\/style><div class=\"elementor-element elementor-element-cf00e5f e-flex e-con-boxed e-con e-child\" data-id=\"cf00e5f\" data-element_type=\"container\" data-settings=\"{&quot;background_background&quot;:&quot;classic&quot;}\">\n\t\t\t\t\t<div class=\"e-con-inner\">\n\t\t\t\t<div class=\"elementor-element elementor-element-0e40fd4 elementor-widget elementor-widget-theme-post-title elementor-page-title elementor-widget-heading\" data-id=\"0e40fd4\" data-element_type=\"widget\" data-widget_type=\"theme-post-title.default\">\n\t\t\t\t<div class=\"elementor-widget-container\">\n\t\t\t\t\t<h2 class=\"elementor-heading-title elementor-size-default\"><a href=\"https:\/\/greenpoint.pl\/blog\/nowa-energia-kobieca-moda-na-wiosne\/\">Nowa energia &#8211; kobieca moda na wiosn\u0119<\/a><\/h2>\t\t\t\t<\/div>\n\t\t\t\t<\/div>\n\t\t\t\t<div class=\"elementor-element elementor-element-43c5a85 elementor-align-center elementor-hidden-mobile elementor-widget elementor-widget-button\" data-id=\"43c5a85\" data-element_type=\"widget\" data-widget_type=\"button.default\">\n\t\t\t\t<div class=\"elementor-widget-container\">\n\t\t\t\t\t\t\t\t\t<div class=\"elementor-button-wrapper\">\n\t\t\t\t\t<a class=\"elementor-button elementor-button-link elementor-size-sm\" href=\"https:\/\/greenpoint.pl\/blog\/nowa-energia-kobieca-moda-na-wiosne\/\">\n\t\t\t\t\t\t<span class=\"elementor-button-content-wrapper\">\n\t\t\t\t\t\t\t\t\t<span class=\"elementor-button-text\">Zainspiruj sie<\/span>\n\t\t\t\t\t<\/span>\n\t\t\t\t\t<\/a>\n\t\t\t\t<\/div>\n\t\t\t\t\t\t\t\t<\/div>\n\t\t\t\t<\/div>\n\t\t\t\t\t<\/div>\n\t\t\t\t<\/div>\n\t\t\t\t\t<\/div>\n\t\t\t\t<\/div>\n\t\t\t\t<\/div>\n\t\t\t\t<\/article>\n\t\t\t\t<article id=\"post-2372\" class=\"elementor-post elementor-grid-item ecs-post-loop post-2372 post type-post status-publish format-standard has-post-thumbnail hentry category-trendy fadeIn image-hover-transition-effect latest_post\">\n\t\t\t\t<div data-elementor-type=\"loop\" data-elementor-id=\"953\" class=\"elementor elementor-953 post-2372 post type-post status-publish format-standard has-post-thumbnail hentry category-trendy fadeIn latest_post\" data-elementor-post-type=\"elementor_library\">\n\t\t\t<div class=\"elementor-element elementor-element-c6fedee e-flex e-con-boxed e-con e-parent\" data-id=\"c6fedee\" data-element_type=\"container\">\n\t\t\t\t\t<div class=\"e-con-inner\">\n\t\t<style>#post-2372 .elementor-953 .elementor-element.elementor-element-cf00e5f:not(.elementor-motion-effects-element-type-background), #post-2372 .elementor-953 .elementor-element.elementor-element-cf00e5f > .elementor-motion-effects-container > .elementor-motion-effects-layer{background-image: url(\"https:\/\/greenpoint.pl\/blog\/wp-content\/uploads\/2026\/03\/Styl-w-warstwach-kiedy-pogoda-zmienia-zasady.jpg\");}<\/style><div class=\"elementor-element elementor-element-cf00e5f e-flex e-con-boxed e-con e-child\" data-id=\"cf00e5f\" data-element_type=\"container\" data-settings=\"{&quot;background_background&quot;:&quot;classic&quot;}\">\n\t\t\t\t\t<div class=\"e-con-inner\">\n\t\t\t\t<div class=\"elementor-element elementor-element-0e40fd4 elementor-widget elementor-widget-theme-post-title elementor-page-title elementor-widget-heading\" data-id=\"0e40fd4\" data-element_type=\"widget\" data-widget_type=\"theme-post-title.default\">\n\t\t\t\t<div class=\"elementor-widget-container\">\n\t\t\t\t\t<h2 class=\"elementor-heading-title elementor-size-default\"><a href=\"https:\/\/greenpoint.pl\/blog\/styl-w-warstwach-kiedy-pogoda-zmienia-zasady\/\">Styl w warstwach &#8211; kiedy pogoda zmienia zasady<\/a><\/h2>\t\t\t\t<\/div>\n\t\t\t\t<\/div>\n\t\t\t\t<div class=\"elementor-element elementor-element-43c5a85 elementor-align-center elementor-hidden-mobile elementor-widget elementor-widget-button\" data-id=\"43c5a85\" data-element_type=\"widget\" data-widget_type=\"button.default\">\n\t\t\t\t<div class=\"elementor-widget-container\">\n\t\t\t\t\t\t\t\t\t<div class=\"elementor-button-wrapper\">\n\t\t\t\t\t<a class=\"elementor-button elementor-button-link elementor-size-sm\" href=\"https:\/\/greenpoint.pl\/blog\/styl-w-warstwach-kiedy-pogoda-zmienia-zasady\/\">\n\t\t\t\t\t\t<span class=\"elementor-button-content-wrapper\">\n\t\t\t\t\t\t\t\t\t<span class=\"elementor-button-text\">Zainspiruj sie<\/span>\n\t\t\t\t\t<\/span>\n\t\t\t\t\t<\/a>\n\t\t\t\t<\/div>\n\t\t\t\t\t\t\t\t<\/div>\n\t\t\t\t<\/div>\n\t\t\t\t\t<\/div>\n\t\t\t\t<\/div>\n\t\t\t\t\t<\/div>\n\t\t\t\t<\/div>\n\t\t\t\t<\/div>\n\t\t\t\t<\/article>\n\t\t\t\t<\/div>\n\t\t\t\t<nav class=\"elementor-pagination\" role=\"navigation\" aria-label=\"Paginacja\">\n\t\t\t\t\t<\/nav>\n\t\t\t\t<nav class=\"elementor-button-wrapper elementor-pagination ecs-load-more-button\" data-settings=\"{&quot;loading_text&quot;:&quot;\\u0141adowanie...&quot;,&quot;text&quot;:&quot;Za\\u0142aduj wi\\u0119cej&quot;,&quot;widget_id&quot;:&quot;107e7d9&quot;}\">\n\t\t\t<a href=\"https:\/\/greenpoint.pl\/blog\/styl-w-warstwach-kiedy-pogoda-zmienia-zasady\/?page=2\" class=\"elementor-button-link elementor-button \" role=\"button\">\n\t\t\t\t<span>Za\u0142aduj wi\u0119cej<\/span>\n\t\t\t<\/a>\n\t\t<\/nav>\n\t\t\t\t\t\t<\/div>\n\t\t\t\t<\/div>\n\t\t\t\t\t<\/div>\n\t\t\t\t<\/div>\n\t\t\t\t<\/div>\n\t\t","protected":false},"excerpt":{"rendered":"","protected":false},"author":5,"featured_media":0,"parent":0,"menu_order":0,"comment_status":"closed","ping_status":"closed","template":"elementor_header_footer","meta":{"footnotes":""},"class_list":["post-944","page","type-page","status-publish","hentry","fadeIn","image-hover-transition-effect","latest_post"],"yoast_head":"<!-- This site is optimized with the Yoast SEO plugin v27.0 - https:\/\/yoast.com\/product\/yoast-seo-wordpress\/ -->\n<title>Home - Blog Greenpoint<\/title>\n<meta name=\"robots\" content=\"index, follow, max-snippet:-1, max-image-preview:large, max-video-preview:-1\" \/>\n<link rel=\"canonical\" href=\"https:\/\/greenpoint.pl\/blog\/\" \/>\n<meta property=\"og:locale\" content=\"pl_PL\" \/>\n<meta property=\"og:type\" content=\"article\" \/>\n<meta property=\"og:title\" content=\"Home - Blog Greenpoint\" \/>\n<meta property=\"og:url\" content=\"https:\/\/greenpoint.pl\/blog\/\" \/>\n<meta property=\"og:site_name\" content=\"Blog Greenpoint\" \/>\n<meta property=\"article:modified_time\" content=\"2026-03-23T17:02:42+00:00\" \/>\n<meta name=\"twitter:card\" content=\"summary_large_image\" \/>\n<meta name=\"twitter:label1\" content=\"Szacowany czas czytania\" \/>\n\t<meta name=\"twitter:data1\" content=\"1 minuta\" \/>\n<script type=\"application\/ld+json\" class=\"yoast-schema-graph\">{\"@context\":\"https:\/\/schema.org\",\"@graph\":[{\"@type\":\"WebPage\",\"@id\":\"https:\/\/greenpoint.pl\/blog\/\",\"url\":\"https:\/\/greenpoint.pl\/blog\/\",\"name\":\"Home - Blog Greenpoint\",\"isPartOf\":{\"@id\":\"https:\/\/greenpoint.pl\/blog\/#website\"},\"datePublished\":\"2024-01-19T11:19:55+00:00\",\"dateModified\":\"2026-03-23T17:02:42+00:00\",\"breadcrumb\":{\"@id\":\"https:\/\/greenpoint.pl\/blog\/#breadcrumb\"},\"inLanguage\":\"pl-PL\",\"potentialAction\":[{\"@type\":\"ReadAction\",\"target\":[\"https:\/\/greenpoint.pl\/blog\/\"]}]},{\"@type\":\"BreadcrumbList\",\"@id\":\"https:\/\/greenpoint.pl\/blog\/#breadcrumb\",\"itemListElement\":[{\"@type\":\"ListItem\",\"position\":1,\"name\":\"Strona g\u0142\u00f3wna\",\"item\":\"https:\/\/greenpoint.pl\/blog\/\"},{\"@type\":\"ListItem\",\"position\":2,\"name\":\"Home\"}]},{\"@type\":\"WebSite\",\"@id\":\"https:\/\/greenpoint.pl\/blog\/#website\",\"url\":\"https:\/\/greenpoint.pl\/blog\/\",\"name\":\"Blog Greenpoint\",\"description\":\"\",\"publisher\":{\"@id\":\"https:\/\/greenpoint.pl\/blog\/#organization\"},\"potentialAction\":[{\"@type\":\"SearchAction\",\"target\":{\"@type\":\"EntryPoint\",\"urlTemplate\":\"https:\/\/greenpoint.pl\/blog\/?s={search_term_string}\"},\"query-input\":{\"@type\":\"PropertyValueSpecification\",\"valueRequired\":true,\"valueName\":\"search_term_string\"}}],\"inLanguage\":\"pl-PL\"},{\"@type\":\"Organization\",\"@id\":\"https:\/\/greenpoint.pl\/blog\/#organization\",\"name\":\"Blog Greenpoint\",\"url\":\"https:\/\/greenpoint.pl\/blog\/\",\"logo\":{\"@type\":\"ImageObject\",\"inLanguage\":\"pl-PL\",\"@id\":\"https:\/\/greenpoint.pl\/blog\/#\/schema\/logo\/image\/\",\"url\":\"https:\/\/greenpoint.pl\/blog\/wp-content\/uploads\/2023\/12\/greenpoint_blog_1.png\",\"contentUrl\":\"https:\/\/greenpoint.pl\/blog\/wp-content\/uploads\/2023\/12\/greenpoint_blog_1.png\",\"width\":621,\"height\":258,\"caption\":\"Blog Greenpoint\"},\"image\":{\"@id\":\"https:\/\/greenpoint.pl\/blog\/#\/schema\/logo\/image\/\"}}]}<\/script>\n<!-- \/ Yoast SEO plugin. -->","yoast_head_json":{"title":"Home - Blog Greenpoint","robots":{"index":"index","follow":"follow","max-snippet":"max-snippet:-1","max-image-preview":"max-image-preview:large","max-video-preview":"max-video-preview:-1"},"canonical":"https:\/\/greenpoint.pl\/blog\/","og_locale":"pl_PL","og_type":"article","og_title":"Home - Blog Greenpoint","og_url":"https:\/\/greenpoint.pl\/blog\/","og_site_name":"Blog Greenpoint","article_modified_time":"2026-03-23T17:02:42+00:00","twitter_card":"summary_large_image","twitter_misc":{"Szacowany czas czytania":"1 minuta"},"schema":{"@context":"https:\/\/schema.org","@graph":[{"@type":"WebPage","@id":"https:\/\/greenpoint.pl\/blog\/","url":"https:\/\/greenpoint.pl\/blog\/","name":"Home - Blog Greenpoint","isPartOf":{"@id":"https:\/\/greenpoint.pl\/blog\/#website"},"datePublished":"2024-01-19T11:19:55+00:00","dateModified":"2026-03-23T17:02:42+00:00","breadcrumb":{"@id":"https:\/\/greenpoint.pl\/blog\/#breadcrumb"},"inLanguage":"pl-PL","potentialAction":[{"@type":"ReadAction","target":["https:\/\/greenpoint.pl\/blog\/"]}]},{"@type":"BreadcrumbList","@id":"https:\/\/greenpoint.pl\/blog\/#breadcrumb","itemListElement":[{"@type":"ListItem","position":1,"name":"Strona g\u0142\u00f3wna","item":"https:\/\/greenpoint.pl\/blog\/"},{"@type":"ListItem","position":2,"name":"Home"}]},{"@type":"WebSite","@id":"https:\/\/greenpoint.pl\/blog\/#website","url":"https:\/\/greenpoint.pl\/blog\/","name":"Blog Greenpoint","description":"","publisher":{"@id":"https:\/\/greenpoint.pl\/blog\/#organization"},"potentialAction":[{"@type":"SearchAction","target":{"@type":"EntryPoint","urlTemplate":"https:\/\/greenpoint.pl\/blog\/?s={search_term_string}"},"query-input":{"@type":"PropertyValueSpecification","valueRequired":true,"valueName":"search_term_string"}}],"inLanguage":"pl-PL"},{"@type":"Organization","@id":"https:\/\/greenpoint.pl\/blog\/#organization","name":"Blog Greenpoint","url":"https:\/\/greenpoint.pl\/blog\/","logo":{"@type":"ImageObject","inLanguage":"pl-PL","@id":"https:\/\/greenpoint.pl\/blog\/#\/schema\/logo\/image\/","url":"https:\/\/greenpoint.pl\/blog\/wp-content\/uploads\/2023\/12\/greenpoint_blog_1.png","contentUrl":"https:\/\/greenpoint.pl\/blog\/wp-content\/uploads\/2023\/12\/greenpoint_blog_1.png","width":621,"height":258,"caption":"Blog Greenpoint"},"image":{"@id":"https:\/\/greenpoint.pl\/blog\/#\/schema\/logo\/image\/"}}]}},"_links":{"self":[{"href":"https:\/\/greenpoint.pl\/blog\/wp-json\/wp\/v2\/pages\/944","targetHints":{"allow":["GET"]}}],"collection":[{"href":"https:\/\/greenpoint.pl\/blog\/wp-json\/wp\/v2\/pages"}],"about":[{"href":"https:\/\/greenpoint.pl\/blog\/wp-json\/wp\/v2\/types\/page"}],"author":[{"embeddable":true,"href":"https:\/\/greenpoint.pl\/blog\/wp-json\/wp\/v2\/users\/5"}],"replies":[{"embeddable":true,"href":"https:\/\/greenpoint.pl\/blog\/wp-json\/wp\/v2\/comments?post=944"}],"version-history":[{"count":88,"href":"https:\/\/greenpoint.pl\/blog\/wp-json\/wp\/v2\/pages\/944\/revisions"}],"predecessor-version":[{"id":2392,"href":"https:\/\/greenpoint.pl\/blog\/wp-json\/wp\/v2\/pages\/944\/revisions\/2392"}],"wp:attachment":[{"href":"https:\/\/greenpoint.pl\/blog\/wp-json\/wp\/v2\/media?parent=944"}],"curies":[{"name":"wp","href":"https:\/\/api.w.org\/{rel}","templated":true}]}}